{"id":202,"date":"2025-11-16T22:37:10","date_gmt":"2025-11-17T03:37:10","guid":{"rendered":"https:\/\/rac.net.co\/nuevositio\/?page_id=202"},"modified":"2025-11-16T22:46:13","modified_gmt":"2025-11-17T03:46:13","slug":"unete","status":"publish","type":"page","link":"https:\/\/rac.net.co\/nuevositio\/unete\/","title":{"rendered":"\u00danete"},"content":{"rendered":"\n<div style=\"height:100px\" aria-hidden=\"true\" class=\"wp-block-spacer\"><\/div>\n\n\n\n<h2 class=\"wp-block-heading has-base-font-family has-large-font-size\">\u00bfQui\u00e9res ser parte de la Red de Astronom\u00eda de Colombia &#8211; RAC?<\/h2>\n\n\n\n<p><\/p>\n\n\n\n<div class=\"wp-block-group has-global-padding is-layout-constrained wp-block-group-is-layout-constrained\">\n<p class=\"has-base-font-family has-small-font-size\">La RAC es una plataforma colaborativa que conecta asociaciones, clubes, planetarios, observatorios, universidades, centros de investigaci\u00f3n, colectivos ciudadanos y otras agrupaciones que promueven el estudio y la divulgaci\u00f3n de la astronom\u00eda en nuestro pa\u00eds.<\/p>\n\n\n\n<p class=\"has-small-font-size\">Unirte a la RAC no solo es un reconocimiento a tu compromiso con el universo, tambi\u00e9n te abre la puerta a una comunidad apasionada, diversa y activa, donde podr\u00e1s compartir experiencias, divulgar tus actividades, acceder a formaci\u00f3n, conectarte con proyectos cient\u00edficos, publicar en la <strong>Circular Astron\u00f3mica<\/strong> y participar en el Encuentro Nacional de Astronom\u00eda, entre muchas otras oportunidades.<\/p>\n\n\n\n<p class=\"has-small-font-size\"><\/p>\n<\/div>\n\n\n\n<div class=\"wp-block-group has-global-padding is-layout-constrained wp-block-group-is-layout-constrained\">\n<p class=\"has-large-font-size\" style=\"font-style:normal;font-weight:600\">\u00bfA qui\u00e9n est\u00e1 dirigida la afiliaci\u00f3n?<\/p>\n\n\n\n<ul class=\"wp-block-list\">\n<li class=\"has-small-font-size\">Grupos de astronom\u00eda universitarios o escolares<\/li>\n\n\n\n<li class=\"has-small-font-size\">Asociaciones de astr\u00f3nomos aficionados<\/li>\n\n\n\n<li class=\"has-small-font-size\">Planetarios, observatorios y museos de ciencia<\/li>\n\n\n\n<li class=\"has-small-font-size\">Proyectos independientes de divulgaci\u00f3n astron\u00f3mica<\/li>\n\n\n\n<li class=\"has-small-font-size\">Colectivos ciudadanos con iniciativas en educaci\u00f3n en ciencias del espacio<\/li>\n<\/ul>\n\n\n\n<p><\/p>\n<\/div>\n\n\n\n<div class=\"wp-block-group has-global-padding is-layout-constrained wp-block-group-is-layout-constrained\">\n<p class=\"has-large-font-size\" style=\"font-style:normal;font-weight:600\">\u00bfQu\u00e9 beneficios obtienes como organizaci\u00f3n afiliada<\/p>\n\n\n\n<ul class=\"wp-block-list\">\n<li>Difusi\u00f3n de tus actividades a nivel nacional<\/li>\n\n\n\n<li>Posibilidad de publicitar o publicar contenido en la Circular Astron\u00f3mica<\/li>\n\n\n\n<li>Inclusi\u00f3n en el directorio nacional de agrupaciones RAC<\/li>\n<\/ul>\n\n\n\n<p><\/p>\n<\/div>\n\n\n\n<p class=\"has-medium-font-size\">Para afiliarte, solo debes diligenciar el formulario oficial:<\/p>\n\n\n\n<p class=\"has-medium-font-size\"><a href=\"https:\/\/docs.google.com\/forms\/d\/e\/1FAIpQLSdZDgmLZ1UemwHpAXlnWPTlMGhCBPTHl8wW323VJKMtQMkYOA\/viewform\">Formulario de afiliaci\u00f3n<\/a><\/p>\n\n\n\n<div style=\"height:100px\" aria-hidden=\"true\" class=\"wp-block-spacer\"><\/div>\n\n\n\n<p><\/p>\n\n\n\n<p><\/p>\n\n\n\n<div class=\"wp-block-columns alignfull has-accent-background-color has-background is-layout-flex wp-container-core-columns-is-layout-28f84493 wp-block-columns-is-layout-flex\">\n<div class=\"wp-block-column is-layout-flow wp-block-column-is-layout-flow\">\n<figure class=\"wp-block-image aligncenter size-large is-resized\"><img loading=\"lazy\" decoding=\"async\" width=\"768\" height=\"1024\" src=\"https:\/\/rac.net.co\/nuevositio\/wp-content\/uploads\/2025\/11\/circular_1017-768x1024.png\" alt=\"\" class=\"wp-image-111\" style=\"width:241px;height:auto\" srcset=\"https:\/\/rac.net.co\/nuevositio\/wp-content\/uploads\/2025\/11\/circular_1017-768x1025.png 768w, https:\/\/rac.net.co\/nuevositio\/wp-content\/uploads\/2025\/11\/circular_1017-225x300.png 225w, https:\/\/rac.net.co\/nuevositio\/wp-content\/uploads\/2025\/11\/circular_1017.png 793w\" sizes=\"auto, (max-width: 768px) 100vw, 768px\" \/><\/figure>\n<\/div>\n\n\n\n<div class=\"wp-block-column is-layout-flow wp-block-column-is-layout-flow\">\n<h2 class=\"wp-block-heading has-base-font-family has-large-font-size\">PAUTA CON NOSOTROS<\/h2>\n\n\n\n<p class=\"has-medium-font-size\">Con un pago de&nbsp;<strong>$100.000 COP, <\/strong>&nbsp;tu empresa podr\u00e1 aparecer en la&nbsp;<strong>Circular mensual de la RAC<\/strong>&nbsp;con un&nbsp;<strong>aviso publicitario a color<\/strong>, de&nbsp;<strong>p\u00e1gina&nbsp;completa<\/strong>&nbsp;y en la&nbsp;<strong>secci\u00f3n central<\/strong>&nbsp;durante un periodo de&nbsp;<strong>6 meses<\/strong>&nbsp;que inicia en el mes posterior al d\u00eda&nbsp;que realice el pago.<\/p>\n\n\n\n<p class=\"has-medium-font-size\">Cu\u00e9ntanos tu idea de contenido a&nbsp;<a href=\"mailto:tesoreria@rac.net.co\" target=\"_blank\" rel=\"noreferrer noopener\">tesoreria@rac.net.co<\/a>&nbsp;y te confirmaremos su viabilidad.<\/p>\n<\/div>\n<\/div>\n\n\n\n<div style=\"height:100px\" aria-hidden=\"true\" class=\"wp-block-spacer\"><\/div>\n","protected":false},"excerpt":{"rendered":"<p>\u00bfQui\u00e9res ser parte de la Red de Astronom\u00eda de Colombia &#8211; RAC? La RAC es una plataforma colaborativa que conecta asociaciones, clubes, planetarios, observatorios, universidades, centros de investigaci\u00f3n, colectivos ciudadanos y otras agrupaciones que promueven el estudio y la divulgaci\u00f3n de la astronom\u00eda en nuestro pa\u00eds. Unirte a la RAC no solo es un reconocimiento [&hellip;]<\/p>\n","protected":false},"author":1,"featured_media":0,"parent":0,"menu_order":0,"comment_status":"closed","ping_status":"closed","template":"","meta":{"footnotes":""},"class_list":["post-202","page","type-page","status-publish","hentry"],"_links":{"self":[{"href":"https:\/\/rac.net.co\/nuevositio\/wp-json\/wp\/v2\/pages\/202","targetHints":{"allow":["GET"]}}],"collection":[{"href":"https:\/\/rac.net.co\/nuevositio\/wp-json\/wp\/v2\/pages"}],"about":[{"href":"https:\/\/rac.net.co\/nuevositio\/wp-json\/wp\/v2\/types\/page"}],"author":[{"embeddable":true,"href":"https:\/\/rac.net.co\/nuevositio\/wp-json\/wp\/v2\/users\/1"}],"replies":[{"embeddable":true,"href":"https:\/\/rac.net.co\/nuevositio\/wp-json\/wp\/v2\/comments?post=202"}],"version-history":[{"count":15,"href":"https:\/\/rac.net.co\/nuevositio\/wp-json\/wp\/v2\/pages\/202\/revisions"}],"predecessor-version":[{"id":220,"href":"https:\/\/rac.net.co\/nuevositio\/wp-json\/wp\/v2\/pages\/202\/revisions\/220"}],"wp:attachment":[{"href":"https:\/\/rac.net.co\/nuevositio\/wp-json\/wp\/v2\/media?parent=202"}],"curies":[{"name":"wp","href":"https:\/\/api.w.org\/{rel}","templated":true}]}}