{"id":221,"date":"2025-11-17T17:55:28","date_gmt":"2025-11-17T22:55:28","guid":{"rendered":"https:\/\/rac.net.co\/nuevositio\/?page_id=221"},"modified":"2026-03-03T06:14:16","modified_gmt":"2026-03-03T11:14:16","slug":"nosotros","status":"publish","type":"page","link":"https:\/\/rac.net.co\/nuevositio\/nosotros\/","title":{"rendered":"nosotros"},"content":{"rendered":"\n<div style=\"height:100px\" aria-hidden=\"true\" class=\"wp-block-spacer\"><\/div>\n\n\n\n<div class=\"wp-block-group alignfull is-style-section-2 has-global-padding is-content-justification-center is-layout-constrained wp-block-group-is-layout-constrained\" style=\"margin-top:0;margin-bottom:0;padding-top:var(--wp--preset--spacing--40);padding-bottom:var(--wp--preset--spacing--40)\">\n<div class=\"wp-block-columns alignwide are-vertically-aligned-center is-layout-flex wp-container-core-columns-is-layout-30cd009e wp-block-columns-is-layout-flex\">\n<div class=\"wp-block-column is-vertically-aligned-center is-layout-flow wp-block-column-is-layout-flow\">\n<figure class=\"wp-block-image size-full\"><img loading=\"lazy\" decoding=\"async\" width=\"2560\" height=\"1707\" src=\"https:\/\/rac.net.co\/nuevositio\/wp-content\/uploads\/2025\/11\/mission2-scaled.jpg\" alt=\"\" class=\"wp-image-245\" style=\"aspect-ratio:1;object-fit:cover\" srcset=\"https:\/\/rac.net.co\/nuevositio\/wp-content\/uploads\/2025\/11\/mission2-scaled.jpg 2560w, https:\/\/rac.net.co\/nuevositio\/wp-content\/uploads\/2025\/11\/mission2-300x200.jpg 300w, https:\/\/rac.net.co\/nuevositio\/wp-content\/uploads\/2025\/11\/mission2-1024x683.jpg 1024w, https:\/\/rac.net.co\/nuevositio\/wp-content\/uploads\/2025\/11\/mission2-768x512.jpg 768w, https:\/\/rac.net.co\/nuevositio\/wp-content\/uploads\/2025\/11\/mission2-1536x1024.jpg 1536w, https:\/\/rac.net.co\/nuevositio\/wp-content\/uploads\/2025\/11\/mission2-2048x1365.jpg 2048w\" sizes=\"auto, (max-width: 2560px) 100vw, 2560px\" \/><\/figure>\n<\/div>\n\n\n\n<div class=\"wp-block-column is-vertically-aligned-center is-layout-flow wp-block-column-is-layout-flow\">\n<h2 class=\"wp-block-heading alignwide has-text-color has-link-color has-base-font-family wp-elements-ab3089b7b7c20846acbc84672d0c9c3a\" style=\"color:#0c1d47\">Nuestra misi\u00f3n<\/h2>\n\n\n\n<p class=\"has-small-font-size\">La&nbsp;RAC&nbsp;tiene como misi\u00f3n, adem\u00e1s de propender por la representaci\u00f3n de los intereses institucionales e individuales de los astr\u00f3nomos profesionales, autodidactas y aficionados, e instituciones de sus INCORPORADOS, que sean de conveniencia para el pa\u00eds; y a partir de su integraci\u00f3n contribuir a la promoci\u00f3n, comunicaci\u00f3n y gesti\u00f3n del saber generado y desarrollado en el campo de la astronom\u00eda y las ciencias del espacio, buscando la apropiaci\u00f3n social de la ciencia y la tecnolog\u00eda en bien de la naci\u00f3n colombiana.<\/p>\n\n\n\n<div class=\"wp-block-buttons is-layout-flex wp-block-buttons-is-layout-flex\">\n<div class=\"wp-block-button\"><a class=\"wp-block-button__link wp-element-button\">Learn more<\/a><\/div>\n<\/div>\n<\/div>\n<\/div>\n<\/div>\n\n\n\n<div style=\"height:100px\" aria-hidden=\"true\" class=\"wp-block-spacer\"><\/div>\n\n\n\n<div class=\"wp-block-group alignfull is-style-section-2 has-background has-global-padding is-content-justification-center is-layout-constrained wp-block-group-is-layout-constrained\" style=\"background-color:#4caf50;margin-top:0;margin-bottom:0;padding-top:var(--wp--preset--spacing--40);padding-bottom:var(--wp--preset--spacing--40)\">\n<div class=\"wp-block-columns alignwide is-layout-flex wp-container-core-columns-is-layout-30cd009e wp-block-columns-is-layout-flex\">\n<div class=\"wp-block-column is-vertically-aligned-center has-global-padding is-content-justification-left is-layout-constrained wp-container-core-column-is-layout-614074b5 wp-block-column-is-layout-constrained\">\n<h2 class=\"wp-block-heading has-base-font-family\">Nuestra visi\u00f3n<\/h2>\n\n\n\n<p class=\"has-small-font-size\">La&nbsp;RAC&nbsp;busca ser la instituci\u00f3n de Colombia que convoca a sus profesionales y aficionados vinculados a instituciones p\u00fablicas y privadas, profesionales y no profesionales, en el campo de la astronom\u00eda y las ciencias afines, para representarlos desde la sociedad civil y como colectivo, para actuar, promover acciones, canalizar esfuerzos, generar iniciativas, crear conciencia y apropiar conocimientos, que resulten pertinentes para el desarrollo de la ciencia en bien de la Naci\u00f3n, para la comprensi\u00f3n de sus problemas y para la difusi\u00f3n, el di\u00e1logo y el debate permanentes de las nuevas propuestas relacionadas con dichas \u00e1reas.<\/p>\n\n\n\n<div class=\"wp-block-buttons is-layout-flex wp-block-buttons-is-layout-flex\">\n<div class=\"wp-block-button\"><a class=\"wp-block-button__link wp-element-button\">Learn more<\/a><\/div>\n<\/div>\n<\/div>\n\n\n\n<div class=\"wp-block-column is-vertically-aligned-bottom is-layout-flow wp-block-column-is-layout-flow\">\n<figure class=\"wp-block-image size-full\"><img loading=\"lazy\" decoding=\"async\" width=\"1707\" height=\"2560\" src=\"https:\/\/rac.net.co\/nuevositio\/wp-content\/uploads\/2025\/11\/vision-scaled.jpg\" alt=\"\" class=\"wp-image-247\" style=\"aspect-ratio:1;object-fit:cover\" srcset=\"https:\/\/rac.net.co\/nuevositio\/wp-content\/uploads\/2025\/11\/vision-scaled.jpg 1707w, https:\/\/rac.net.co\/nuevositio\/wp-content\/uploads\/2025\/11\/vision-200x300.jpg 200w, https:\/\/rac.net.co\/nuevositio\/wp-content\/uploads\/2025\/11\/vision-683x1024.jpg 683w, https:\/\/rac.net.co\/nuevositio\/wp-content\/uploads\/2025\/11\/vision-768x1152.jpg 768w, https:\/\/rac.net.co\/nuevositio\/wp-content\/uploads\/2025\/11\/vision-1024x1536.jpg 1024w, https:\/\/rac.net.co\/nuevositio\/wp-content\/uploads\/2025\/11\/vision-1365x2048.jpg 1365w\" sizes=\"auto, (max-width: 1707px) 100vw, 1707px\" \/><\/figure>\n<\/div>\n<\/div>\n<\/div>\n\n\n\n<div style=\"height:100px\" aria-hidden=\"true\" class=\"wp-block-spacer\"><\/div>\n\n\n\n<div class=\"wp-block-group alignfull is-style-default has-global-padding is-content-justification-center is-layout-constrained wp-block-group-is-layout-constrained\" style=\"margin-top:0;margin-bottom:0;padding-top:var(--wp--preset--spacing--60);padding-bottom:var(--wp--preset--spacing--60)\">\n<div class=\"wp-block-columns alignwide is-layout-flex wp-container-core-columns-is-layout-47c06fe3 wp-block-columns-is-layout-flex\">\n<div class=\"wp-block-column is-vertically-aligned-center is-layout-flow wp-container-core-column-is-layout-8eebadab wp-block-column-is-layout-flow\" style=\"flex-basis:50%\">\n<h2 class=\"wp-block-heading has-text-color has-link-color has-base-font-family wp-elements-2ab2c0deee735fb06165a7fdba6bbf7c\" style=\"color:#0c1d47\">Nuestro objetivo<\/h2>\n\n\n\n<div class=\"wp-block-buttons is-layout-flex wp-block-buttons-is-layout-flex\" style=\"margin-top:var(--wp--preset--spacing--30)\">\n<div class=\"wp-block-button is-style-fill\"><a class=\"wp-block-button__link has-background wp-element-button\" href=\"https:\/\/rac.net.co\/nuevositio\/wp-content\/uploads\/2025\/11\/Estatutos-RAC-actualizacion-2022-vs-2.docx.pdf\" style=\"background-color:#0c1d47\" target=\"_blank\" rel=\"noreferrer noopener\">Ver estatutos<\/a><\/div>\n<\/div>\n<\/div>\n\n\n\n<div class=\"wp-block-column is-vertically-aligned-center is-layout-flow wp-block-column-is-layout-flow\" style=\"flex-basis:50%\">\n<p class=\"has-small-font-size\">El objetivo general de la&nbsp;<strong>RAC<\/strong>&nbsp;es el fortalecimiento de la astronom\u00eda en todo el pa\u00eds, especialmente la vertiente aficionada, adem\u00e1s de participar en las discusiones nacionales sobre pol\u00edticas de ciencia y tecnolog\u00eda. &nbsp;De los estatutos se puede extraer el siguiente objetivo general:<\/p>\n\n\n\n<p class=\"has-small-font-size\"><strong>ART\u00cdCULO 8.<\/strong> OBJETO. LA&nbsp;RAC&nbsp;tiene por objeto el estudio, la investigaci\u00f3n, la observaci\u00f3n, la difusi\u00f3n de la Astronom\u00eda y de las Ciencias del Espacio, para la Apropiaci\u00f3n Social de la Ciencia, la Tecnolog\u00eda y la Innovaci\u00f3n (en adelante ASCTI) en bien de la Naci\u00f3n Colombiana, as\u00ed como tambi\u00e9n, la representaci\u00f3n de los intereses institucionales e individuales de los astr\u00f3nomos profesionales, autodidactas y aficionados, e instituciones de sus corporados.<\/p>\n<\/div>\n<\/div>\n<\/div>\n\n\n\n<div style=\"height:100px\" aria-hidden=\"true\" class=\"wp-block-spacer\"><\/div>\n\n\n\n<div class=\"wp-block-group alignfull has-background has-global-padding is-layout-constrained wp-block-group-is-layout-constrained\" style=\"background-color:#f2f2f2;padding-top:120px;padding-bottom:120px\">\n<div class=\"wp-block-columns alignwide are-vertically-aligned-center is-layout-flex wp-container-core-columns-is-layout-1259a57f wp-block-columns-is-layout-flex\">\n<div class=\"wp-block-column is-vertically-aligned-center is-layout-flow wp-block-column-is-layout-flow\" style=\"flex-basis:25%\">\n<div class=\"wp-block-group has-global-padding is-layout-constrained wp-container-core-group-is-layout-e555385e wp-block-group-is-layout-constrained\">\n<p class=\"has-text-align-left has-vivid-red-color has-text-color\" style=\"margin-top:0px;margin-bottom:0px;font-size:14px;text-transform:uppercase\">consulta nuestros<\/p>\n\n\n\n<h3 class=\"wp-block-heading has-text-align-left has-base-color has-text-color has-link-color has-base-font-family wp-elements-8e10b2b4df3d334d2d4eda23e15114d0\" style=\"color:#0c1d47;margin-bottom:var(--wp--preset--spacing--20);font-size:clamp(1.502rem, 1.502rem + ((1vw - 0.2rem) * 1.597), 2.5rem);font-style:normal;font-weight:700;line-height:1.2\">Documentos gu\u00eda<\/h3>\n\n\n\n<p class=\"has-text-align-left has-base-color has-text-color has-link-color has-small-font-size wp-elements-3180c2f48039bed84bc820c6469a4e2f\" style=\"margin-bottom:0px\">Accede f\u00e1cilmente a nuestros documentos clave.<\/p>\n<\/div>\n<\/div>\n\n\n\n<div class=\"wp-block-column is-vertically-aligned-center is-layout-flow wp-block-column-is-layout-flow\" style=\"flex-basis:25%\">\n<div class=\"wp-block-cover is-light\" style=\"border-radius:5px;min-height:300px;aspect-ratio:unset;\"><span aria-hidden=\"true\" class=\"wp-block-cover__background has-default-background-color has-background-dim-100 has-background-dim\"><\/span><div class=\"wp-block-cover__inner-container has-global-padding is-layout-constrained wp-block-cover-is-layout-constrained\">\n<div class=\"wp-block-group has-secondary-color has-text-color has-link-color wp-elements-6c328329357f891a959419f0036ca011 has-global-padding is-layout-constrained wp-block-group-is-layout-constrained\" style=\"border-radius:5px\">\n<figure class=\"wp-block-image aligncenter size-full is-resized\"><img loading=\"lazy\" decoding=\"async\" width=\"177\" height=\"188\" src=\"https:\/\/rac.net.co\/nuevositio\/wp-content\/uploads\/2025\/11\/doc3.webp\" alt=\"\" class=\"wp-image-254\" style=\"width:64px\"\/><\/figure>\n\n\n\n<h3 class=\"wp-block-heading has-text-align-center has-text-color has-link-color has-base-font-family wp-elements-43f4485303908cbc8c950a06e9b1e284\" style=\"color:#0c1d47;margin-bottom:0px;font-size:clamp(14px, 0.875rem + ((1vw - 3.2px) * 0.6), 20px);font-style:normal;font-weight:700\"><a href=\"https:\/\/rac.net.co\/nuevositio\/wp-content\/uploads\/2026\/03\/Estatutos-RAC-actualizacion-2025.pdf\" target=\"_blank\" rel=\"noreferrer noopener\">Estatutos<\/a><\/h3>\n\n\n\n<p class=\"has-text-align-center has-quaternary-color has-text-color has-link-color has-small-font-size wp-elements-65cb274f13230c082aa5c28fbeee76ec\" style=\"margin-bottom:0px\">Las reglas que definen qui\u00e9nes somos y c\u00f3mo funcionamos como comunidad astron\u00f3mica.<\/p>\n<\/div>\n<\/div><\/div>\n<\/div>\n\n\n\n<div class=\"wp-block-column is-vertically-aligned-center is-layout-flow wp-block-column-is-layout-flow\" style=\"flex-basis:25%\">\n<div class=\"wp-block-cover is-light\" style=\"border-radius:5px;padding-right:var(--wp--preset--spacing--40);padding-left:var(--wp--preset--spacing--40);min-height:300px;aspect-ratio:unset;\"><span aria-hidden=\"true\" class=\"wp-block-cover__background has-default-background-color has-background-dim-100 has-background-dim\"><\/span><div class=\"wp-block-cover__inner-container has-global-padding is-layout-constrained wp-container-core-cover-is-layout-de20c55c wp-block-cover-is-layout-constrained\">\n<div class=\"wp-block-group has-secondary-color has-text-color has-link-color wp-elements-4244f4d54c66e8d51debbc2c2430c743 has-global-padding is-layout-constrained wp-block-group-is-layout-constrained\" style=\"border-radius:5px\">\n<figure class=\"wp-block-image aligncenter size-full is-resized\"><img loading=\"lazy\" decoding=\"async\" width=\"177\" height=\"188\" src=\"https:\/\/rac.net.co\/nuevositio\/wp-content\/uploads\/2025\/11\/doc2.webp\" alt=\"\" class=\"wp-image-255\" style=\"width:64px\"\/><\/figure>\n\n\n\n<h3 class=\"wp-block-heading has-text-align-center has-text-color has-link-color has-base-font-family wp-elements-ffe3a5006d9df31447281053afc13c4c\" style=\"color:#0c1d47;margin-bottom:0px;font-size:clamp(14px, 0.875rem + ((1vw - 3.2px) * 0.6), 20px);font-style:normal;font-weight:700\">Plan estrat\u00e9gico<\/h3>\n\n\n\n<p class=\"has-text-align-center has-quaternary-color has-text-color has-link-color has-small-font-size wp-elements-a9f16da351e02b26e551e65d9694f532\" style=\"margin-bottom:0px\">Nuestra hoja de ruta para crecer, compartir ciencia y llegar m\u00e1s lejos como RAC.<\/p>\n<\/div>\n<\/div><\/div>\n<\/div>\n\n\n\n<div class=\"wp-block-column is-vertically-aligned-center is-layout-flow wp-block-column-is-layout-flow\" style=\"flex-basis:25%\">\n<div class=\"wp-block-cover is-light\" style=\"border-radius:5px;padding-right:var(--wp--preset--spacing--40);padding-left:var(--wp--preset--spacing--40);min-height:300px;aspect-ratio:unset;\"><span aria-hidden=\"true\" class=\"wp-block-cover__background has-default-background-color has-background-dim-100 has-background-dim\"><\/span><div class=\"wp-block-cover__inner-container has-global-padding is-layout-constrained wp-container-core-cover-is-layout-de20c55c wp-block-cover-is-layout-constrained\">\n<div class=\"wp-block-group has-secondary-color has-text-color has-link-color wp-elements-2c90092c431b4b46dde067ea77af9ee3 has-global-padding is-layout-constrained wp-block-group-is-layout-constrained\" style=\"border-radius:5px\">\n<figure class=\"wp-block-image aligncenter size-full is-resized\"><img loading=\"lazy\" decoding=\"async\" width=\"177\" height=\"188\" src=\"https:\/\/rac.net.co\/nuevositio\/wp-content\/uploads\/2025\/11\/doc1.webp\" alt=\"\" class=\"wp-image-256\" style=\"width:64px\"\/><\/figure>\n\n\n\n<h3 class=\"wp-block-heading has-text-align-center has-text-color has-link-color has-base-font-family wp-elements-2df976bc6e73c870598361cd9e3365c5\" style=\"color:#0c1d47;margin-bottom:0px;font-size:clamp(14px, 0.875rem + ((1vw - 3.2px) * 0.6), 20px);font-style:normal;font-weight:700\">Manual del logo<\/h3>\n\n\n\n<p class=\"has-text-align-center has-quaternary-color has-text-color has-link-color has-small-font-size wp-elements-5fdd3ee710b5151a15ce6f2c37dc207c\" style=\"margin-bottom:0px\">Gu\u00eda de uso para cuidar la identidad visual de la RAC en todos los espacios.<\/p>\n<\/div>\n<\/div><\/div>\n<\/div>\n<\/div>\n<\/div>\n\n\n\n<div style=\"height:100px\" aria-hidden=\"true\" class=\"wp-block-spacer\"><\/div>\n\n\n\n<div class=\"wp-block-group alignfull is-style-section-3 has-global-padding is-content-justification-center is-layout-constrained wp-block-group-is-layout-constrained\" style=\"margin-top:0;margin-bottom:0;padding-top:var(--wp--preset--spacing--50);padding-bottom:var(--wp--preset--spacing--30)\">\n<div class=\"wp-block-columns alignwide is-layout-flex wp-container-core-columns-is-layout-28f84493 wp-block-columns-is-layout-flex\">\n<div class=\"wp-block-column is-layout-flow wp-block-column-is-layout-flow\" style=\"flex-basis:33%\">\n<h2 class=\"wp-block-heading has-text-align-left is-team-heading has-text-color has-link-color has-base-font-family wp-elements-b61a5cf1e761d164d9bd786f1fc069d9\" style=\"color:#0c1d47;font-size:clamp(1.502rem, 1.502rem + ((1vw - 0.2rem) * 1.597), 2.5rem);font-style:normal;font-weight:700\">Junta directiva<\/h2>\n<\/div>\n\n\n\n<div class=\"wp-block-column is-layout-flow wp-block-column-is-layout-flow\" style=\"flex-basis:66%\">\n<div class=\"wp-block-group is-layout-grid wp-container-core-group-is-layout-56e12799 wp-block-group-is-layout-grid\">\n<div class=\"wp-block-group is-layout-flow wp-block-group-is-layout-flow\">\n<figure class=\"wp-block-image size-full\"><img loading=\"lazy\" decoding=\"async\" width=\"528\" height=\"752\" src=\"https:\/\/rac.net.co\/nuevositio\/wp-content\/uploads\/2025\/11\/fotoAngela2.jpg\" alt=\"\" class=\"wp-image-264\" style=\"aspect-ratio:1;object-fit:cover\" srcset=\"https:\/\/rac.net.co\/nuevositio\/wp-content\/uploads\/2025\/11\/fotoAngela2.jpg 528w, https:\/\/rac.net.co\/nuevositio\/wp-content\/uploads\/2025\/11\/fotoAngela2-211x300.jpg 211w\" sizes=\"auto, (max-width: 528px) 100vw, 528px\" \/><\/figure>\n\n\n\n<div class=\"wp-block-group is-layout-flow wp-container-core-group-is-layout-939812aa wp-block-group-is-layout-flow\">\n<h3 class=\"wp-block-heading ai-ignore has-base-color has-text-color has-link-color has-base-font-family wp-elements-582491d11b7320b1d383cf3e1736c7fd\" style=\"font-size:clamp(1.25rem, 1.25rem + ((1vw - 0.2rem) * 1.2), 2rem);font-style:normal;font-weight:600\">\u00c1ngela Patricia P\u00e9rez Henao<\/h3>\n\n\n\n<p class=\"is-team-title ai-ignore has-black-color has-text-color has-link-color wp-elements-2f6c21c96fe78d85033c03a4ee0e32b5\"><strong>PRESIDENTE<\/strong><\/p>\n<\/div>\n\n\n\n<p class=\"is-team-bio\"><a href=\"mailto:presidencia@rac.net.co\">presidencia@rac.net.co<\/a><\/p>\n\n\n\n<div style=\"height:var(--wp--preset--spacing--20)\" aria-hidden=\"true\" class=\"wp-block-spacer\"><\/div>\n<\/div>\n\n\n\n<div class=\"wp-block-group has-global-padding is-layout-constrained wp-block-group-is-layout-constrained\">\n<figure class=\"wp-block-image size-full\"><img loading=\"lazy\" decoding=\"async\" width=\"1080\" height=\"1080\" src=\"https:\/\/rac.net.co\/nuevositio\/wp-content\/uploads\/2025\/11\/fotoLuzMarinaDuque.png\" alt=\"\" class=\"wp-image-265\" style=\"aspect-ratio:1;object-fit:cover\" srcset=\"https:\/\/rac.net.co\/nuevositio\/wp-content\/uploads\/2025\/11\/fotoLuzMarinaDuque.png 1080w, https:\/\/rac.net.co\/nuevositio\/wp-content\/uploads\/2025\/11\/fotoLuzMarinaDuque-300x300.png 300w, https:\/\/rac.net.co\/nuevositio\/wp-content\/uploads\/2025\/11\/fotoLuzMarinaDuque-1024x1024.png 1024w, https:\/\/rac.net.co\/nuevositio\/wp-content\/uploads\/2025\/11\/fotoLuzMarinaDuque-150x150.png 150w, https:\/\/rac.net.co\/nuevositio\/wp-content\/uploads\/2025\/11\/fotoLuzMarinaDuque-768x768.png 768w\" sizes=\"auto, (max-width: 1080px) 100vw, 1080px\" \/><\/figure>\n\n\n\n<div class=\"wp-block-group is-layout-flow wp-container-core-group-is-layout-939812aa wp-block-group-is-layout-flow\">\n<h3 class=\"wp-block-heading ai-ignore has-base-font-family\" style=\"font-size:clamp(1.25rem, 1.25rem + ((1vw - 0.2rem) * 1.2), 2rem);font-style:normal;font-weight:600\">Luz Marina Duque Mart\u00ednez<\/h3>\n\n\n\n<p class=\"is-team-title ai-ignore\"><strong>VICEPRESIDENTE<\/strong><\/p>\n<\/div>\n\n\n\n<p><a href=\"https:\/\/filosofia.univalle.edu.co\/religiones-creencias-y-utopias\/2-filosofia\/41-luz-marina-duque-martinez\">https:\/\/filosofia.univalle.edu.co\/religiones-creencias-y-utopias\/2-filosofia\/41-luz-marina-duque-martinez<\/a><\/p>\n\n\n\n<div style=\"height:var(--wp--preset--spacing--20)\" aria-hidden=\"true\" class=\"wp-block-spacer\"><\/div>\n<\/div>\n\n\n\n<div class=\"wp-block-group has-global-padding is-layout-constrained wp-block-group-is-layout-constrained\">\n<figure class=\"wp-block-image size-full\"><img loading=\"lazy\" decoding=\"async\" width=\"1200\" height=\"1200\" src=\"https:\/\/rac.net.co\/nuevositio\/wp-content\/uploads\/2025\/11\/fotoMauricioChacon.jpg\" alt=\"\" class=\"wp-image-266\" style=\"aspect-ratio:1;object-fit:cover\" srcset=\"https:\/\/rac.net.co\/nuevositio\/wp-content\/uploads\/2025\/11\/fotoMauricioChacon.jpg 1200w, https:\/\/rac.net.co\/nuevositio\/wp-content\/uploads\/2025\/11\/fotoMauricioChacon-300x300.jpg 300w, https:\/\/rac.net.co\/nuevositio\/wp-content\/uploads\/2025\/11\/fotoMauricioChacon-1024x1024.jpg 1024w, https:\/\/rac.net.co\/nuevositio\/wp-content\/uploads\/2025\/11\/fotoMauricioChacon-150x150.jpg 150w, https:\/\/rac.net.co\/nuevositio\/wp-content\/uploads\/2025\/11\/fotoMauricioChacon-768x768.jpg 768w\" sizes=\"auto, (max-width: 1200px) 100vw, 1200px\" \/><\/figure>\n\n\n\n<div class=\"wp-block-group is-layout-flow wp-container-core-group-is-layout-939812aa wp-block-group-is-layout-flow\">\n<h3 class=\"wp-block-heading ai-ignore has-base-font-family\" style=\"font-size:clamp(1.25rem, 1.25rem + ((1vw - 0.2rem) * 1.2), 2rem);font-style:normal;font-weight:600\">Mauricio Chac\u00f3n Pach\u00f3n<\/h3>\n\n\n\n<p class=\"is-team-title ai-ignore\"><strong>VOCAL<\/strong><\/p>\n<\/div>\n\n\n\n<p class=\"is-team-bio\"><a href=\"mailto:mchacon@colombia.com\">mchacon@colombia.com<\/a><\/p>\n\n\n\n<div style=\"height:var(--wp--preset--spacing--20)\" aria-hidden=\"true\" class=\"wp-block-spacer\"><\/div>\n<\/div>\n\n\n\n<div class=\"wp-block-group has-global-padding is-layout-constrained wp-block-group-is-layout-constrained\">\n<figure class=\"wp-block-image size-full\"><img loading=\"lazy\" decoding=\"async\" width=\"1345\" height=\"2048\" src=\"https:\/\/rac.net.co\/nuevositio\/wp-content\/uploads\/2025\/11\/fotoRonals.jpeg\" alt=\"\" class=\"wp-image-267\" style=\"aspect-ratio:1;object-fit:cover\" srcset=\"https:\/\/rac.net.co\/nuevositio\/wp-content\/uploads\/2025\/11\/fotoRonals.jpeg 1345w, https:\/\/rac.net.co\/nuevositio\/wp-content\/uploads\/2025\/11\/fotoRonals-197x300.jpeg 197w, https:\/\/rac.net.co\/nuevositio\/wp-content\/uploads\/2025\/11\/fotoRonals-673x1024.jpeg 673w, https:\/\/rac.net.co\/nuevositio\/wp-content\/uploads\/2025\/11\/fotoRonals-768x1169.jpeg 768w, https:\/\/rac.net.co\/nuevositio\/wp-content\/uploads\/2025\/11\/fotoRonals-1009x1536.jpeg 1009w\" sizes=\"auto, (max-width: 1345px) 100vw, 1345px\" \/><\/figure>\n\n\n\n<div class=\"wp-block-group is-layout-flow wp-container-core-group-is-layout-939812aa wp-block-group-is-layout-flow\">\n<h3 class=\"wp-block-heading ai-ignore has-base-font-family\" style=\"font-size:clamp(1.25rem, 1.25rem + ((1vw - 0.2rem) * 1.2), 2rem);font-style:normal;font-weight:600\">Ronals Chinchilla<\/h3>\n\n\n\n<p class=\"is-team-title ai-ignore\"><strong>TESORERO<\/strong><\/p>\n<\/div>\n\n\n\n<p class=\"is-team-bio\"><a href=\"mailto:tesoreria@rac.net.co\">tesoreria@rac.net.co<\/a><\/p>\n\n\n\n<div style=\"height:var(--wp--preset--spacing--20)\" aria-hidden=\"true\" class=\"wp-block-spacer\"><\/div>\n<\/div>\n<\/div>\n<\/div>\n<\/div>\n<\/div>\n\n\n\n<div style=\"height:100px\" aria-hidden=\"true\" class=\"wp-block-spacer\"><\/div>\n","protected":false},"excerpt":{"rendered":"<p>Nuestra misi\u00f3n La&nbsp;RAC&nbsp;tiene como misi\u00f3n, adem\u00e1s de propender por la representaci\u00f3n de los intereses institucionales e individuales de los astr\u00f3nomos profesionales, autodidactas y aficionados, e instituciones de sus INCORPORADOS, que sean de conveniencia para el pa\u00eds; y a partir de su integraci\u00f3n contribuir a la promoci\u00f3n, comunicaci\u00f3n y gesti\u00f3n del saber generado y desarrollado en [&hellip;]<\/p>\n","protected":false},"author":1,"featured_media":223,"parent":0,"menu_order":0,"comment_status":"closed","ping_status":"closed","template":"","meta":{"footnotes":""},"class_list":["post-221","page","type-page","status-publish","has-post-thumbnail","hentry"],"_links":{"self":[{"href":"https:\/\/rac.net.co\/nuevositio\/wp-json\/wp\/v2\/pages\/221","targetHints":{"allow":["GET"]}}],"collection":[{"href":"https:\/\/rac.net.co\/nuevositio\/wp-json\/wp\/v2\/pages"}],"about":[{"href":"https:\/\/rac.net.co\/nuevositio\/wp-json\/wp\/v2\/types\/page"}],"author":[{"embeddable":true,"href":"https:\/\/rac.net.co\/nuevositio\/wp-json\/wp\/v2\/users\/1"}],"replies":[{"embeddable":true,"href":"https:\/\/rac.net.co\/nuevositio\/wp-json\/wp\/v2\/comments?post=221"}],"version-history":[{"count":33,"href":"https:\/\/rac.net.co\/nuevositio\/wp-json\/wp\/v2\/pages\/221\/revisions"}],"predecessor-version":[{"id":705,"href":"https:\/\/rac.net.co\/nuevositio\/wp-json\/wp\/v2\/pages\/221\/revisions\/705"}],"wp:featuredmedia":[{"embeddable":true,"href":"https:\/\/rac.net.co\/nuevositio\/wp-json\/wp\/v2\/media\/223"}],"wp:attachment":[{"href":"https:\/\/rac.net.co\/nuevositio\/wp-json\/wp\/v2\/media?parent=221"}],"curies":[{"name":"wp","href":"https:\/\/api.w.org\/{rel}","templated":true}]}}