{"id":278,"date":"2025-11-24T20:20:23","date_gmt":"2025-11-25T01:20:23","guid":{"rendered":"https:\/\/rac.net.co\/nuevositio\/?page_id=278"},"modified":"2025-12-26T16:06:27","modified_gmt":"2025-12-26T21:06:27","slug":"historia","status":"publish","type":"page","link":"https:\/\/rac.net.co\/nuevositio\/historia\/","title":{"rendered":"Historia"},"content":{"rendered":"\n<div style=\"height:100px\" aria-hidden=\"true\" class=\"wp-block-spacer\"><\/div>\n\n\n\t\t\t<!-- Cool Timeline Free V3.3.0 -->\n\t\t\t<div class=\"ctl-wrapper\" role=\"region\" aria-label=\"Timeline\">\n\t\t\t\t<div id=\"cool_timeline_1\" class=\"cool-timeline-wrapper ctl-horizontal ctl-horizontal-wrapper ctl-horizontal-timeline\" data-items=\"4\">\n\t\t\t\t\t<div class=\"ctl-wrapper-inside\">\n\t\t\t\t\t\t<div id=\"ctl-slider-container\" class=\"ctl-slider-container swiper-container swiper-container-horizontal\">\n\t\t\t\t\t\t\t<!-- Timeline Container -->\n\t\t\t\t\t\t\t<div class=\"ctl-slider-wrapper ctl-timeline-container swiper-wrapper\">\n\t\t\t\t\t\t\t\t\t\t\t\t\t\t<!-- Timeline Content --><div  id=\"ctl-story-273\" class=\"ctl-story ctl-story-dot-icon swiper-slide odd\" data-aos=\"none\"   data-story-index=\"1\" role=\"article\"><!-- Story Date --><div class=\"ctl-labels\"><div class=\"ctl-label-big story-date\"><a class=\"minimal_glightbox\" data-popup-id=\"#ctl-popup-273\">enero 30 1997<\/a><\/div><\/div><!-- Story IconDot --><div class=\"ctl-icondot\"><\/div> <!-- Story Arrow --><div class=\"ctl-arrow\"><\/div><!-- Story Content --><div class=\"ctl-content\"><!-- Story Title --><div class=\"ctl-title story-273\" aria-label=\"2\"><a class=\"minimal_glightbox\" data-popup-id=\"#ctl-popup-273\">Inicio de los Encuentros Nacionales de Astronom\u00eda RAC en Colombia<\/a><a class=\"minimal_glightbox\" data-popup-id=\"#ctl-popup-273\"><p class=\"ctl_read_more\">Read More<\/p><\/a><\/div><\/div><div id=\"ctl-popup-273\" class=\"ctl_popup_hide\">\n\t\t\t\t<div class=\"ctl_popup_container\">\n\t\t\t\t\t<div class=\"ctl_popup_date\"><!-- Story Date --><div class=\"ctl-labels\"><div class=\"ctl-label-big story-date\"><a class=\"minimal_glightbox\" data-popup-id=\"#ctl-popup-273\">enero 30 1997<\/a><\/div><\/div><\/div>\n\t\t\t\t\t<h2 class=\"ctl_popup_title\">Inicio de los Encuentros Nacionales de Astronom\u00eda RAC en Colombia<\/h2>\n\t\t\t\t\t<div class=\"ctl_popup_media\"><div class=\"ctl_popup_img\" data-popup-image=\"https:\/\/rac.net.co\/nuevositio\/wp-content\/uploads\/2025\/11\/historia_rac1.png\"><\/div><\/div>\n\t\t\t\t\t<div class=\"ctl_popup_desc\"><!-- Story Description --><div class=\"ctl-description\"><p>Barranquilla 1997. Al parecer fue el primer Encuentro de la RAC y no se tiene registro de los presidentes desde este a\u00f1o&hellip;<a class=\"read_more ctl_read_more\" target=\"_self\" href=\"https:\/\/rac.net.co\/nuevositio\/cool_timeline\/cronologia\/\" role=\"link\">Read More<\/a><\/p>\n<\/div><\/div>\n\t\t\t\t<\/div>\n\t\t\t<\/div><\/div><!-- Timeline Content --><div  id=\"ctl-story-277\" class=\"ctl-story ctl-story-dot-icon swiper-slide even\" data-aos=\"none\"   data-story-index=\"2\" role=\"article\"><!-- Story Date --><div class=\"ctl-labels\"><div class=\"ctl-label-big story-date\"><a class=\"minimal_glightbox\" data-popup-id=\"#ctl-popup-277\">agosto 13 1998<\/a><\/div><\/div><!-- Story IconDot --><div class=\"ctl-icondot\"><\/div> <!-- Story Arrow --><div class=\"ctl-arrow\"><\/div><!-- Story Content --><div class=\"ctl-content\"><!-- Story Title --><div class=\"ctl-title story-277\" aria-label=\"2\"><a class=\"minimal_glightbox\" data-popup-id=\"#ctl-popup-277\">Red de Astronom\u00eda de Colombia y Primer Congreso Iberoamericano de Astronom\u00eda<\/a><a class=\"minimal_glightbox\" data-popup-id=\"#ctl-popup-277\"><p class=\"ctl_read_more\">Read More<\/p><\/a><\/div><\/div><div id=\"ctl-popup-277\" class=\"ctl_popup_hide\">\n\t\t\t\t<div class=\"ctl_popup_container\">\n\t\t\t\t\t<div class=\"ctl_popup_date\"><!-- Story Date --><div class=\"ctl-labels\"><div class=\"ctl-label-big story-date\"><a class=\"minimal_glightbox\" data-popup-id=\"#ctl-popup-277\">agosto 13 1998<\/a><\/div><\/div><\/div>\n\t\t\t\t\t<h2 class=\"ctl_popup_title\">Red de Astronom\u00eda de Colombia y Primer Congreso Iberoamericano de Astronom\u00eda<\/h2>\n\t\t\t\t\t<div class=\"ctl_popup_media\"><div class=\"ctl_popup_img\" data-popup-image=\"https:\/\/rac.net.co\/nuevositio\/wp-content\/uploads\/2025\/11\/historia_rac2.png\"><\/div><\/div>\n\t\t\t\t\t<div class=\"ctl_popup_desc\"><!-- Story Description --><div class=\"ctl-description\"><p>Asociaci\u00f3n de Aficionados a la Astronom\u00eda, Antares. Cal\u00ed Agosto 13 al 17 de 1998 (Informaci\u00f3n obtenida del trabajo de grado La divulgaci\u00f3n&hellip;<a class=\"read_more ctl_read_more\" target=\"_self\" href=\"https:\/\/rac.net.co\/nuevositio\/cool_timeline\/red-de-astronomia-de-colombia-y-primer-congreso-iberoamericano-de-astronomia\/\" role=\"link\">Read More<\/a><\/p>\n<\/div><\/div>\n\t\t\t\t<\/div>\n\t\t\t<\/div><\/div><!-- Timeline Content --><div  id=\"ctl-story-291\" class=\"ctl-story ctl-story-dot-icon swiper-slide odd\" data-aos=\"none\"   data-story-index=\"3\" role=\"article\"><!-- Story Date --><div class=\"ctl-labels\"><div class=\"ctl-label-big story-date\"><a class=\"minimal_glightbox\" data-popup-id=\"#ctl-popup-291\">octubre 15 1999<\/a><\/div><\/div><!-- Story IconDot --><div class=\"ctl-icondot\"><\/div> <!-- Story Arrow --><div class=\"ctl-arrow\"><\/div><!-- Story Content --><div class=\"ctl-content\"><!-- Story Title --><div class=\"ctl-title story-291\" aria-label=\"2\"><a class=\"minimal_glightbox\" data-popup-id=\"#ctl-popup-291\">II Encuentro Nacional de Astronom\u00eda<\/a><a class=\"minimal_glightbox\" data-popup-id=\"#ctl-popup-291\"><p class=\"ctl_read_more\">Read More<\/p><\/a><\/div><\/div><div id=\"ctl-popup-291\" class=\"ctl_popup_hide\">\n\t\t\t\t<div class=\"ctl_popup_container\">\n\t\t\t\t\t<div class=\"ctl_popup_date\"><!-- Story Date --><div class=\"ctl-labels\"><div class=\"ctl-label-big story-date\"><a class=\"minimal_glightbox\" data-popup-id=\"#ctl-popup-291\">octubre 15 1999<\/a><\/div><\/div><\/div>\n\t\t\t\t\t<h2 class=\"ctl_popup_title\">II Encuentro Nacional de Astronom\u00eda<\/h2>\n\t\t\t\t\t<div class=\"ctl_popup_media\"><div class=\"ctl_popup_img\" data-popup-image=\"https:\/\/rac.net.co\/nuevositio\/wp-content\/uploads\/2025\/11\/historia_rac3.png\"><\/div><\/div>\n\t\t\t\t\t<div class=\"ctl_popup_desc\"><!-- Story Description --><div class=\"ctl-description\"><p>Universidad Tecnol\u00f3gica de Pereira 15 al 18 de octubre 1999<\/p>\n<\/div><\/div>\n\t\t\t\t<\/div>\n\t\t\t<\/div><\/div>\t\t\t\t\t\t\t<\/div>\n\t\t\t\t\t\t\t<span class=\"swiper-notification\" aria-live=\"assertive\" aria-atomic=\"true\"><\/span>\n\t\t\t\t\t\t<\/div>\n\t\t\t\t\t<\/div>\n\t\t\t\t\t<!-- Swiper Next button -->\n\t\t\t\t\t<div class=\"ctl-button-prev swiper-button-disabled\" tabindex=\"0\" role=\"button\" aria-label=\"Previous slide\" aria-disabled=\"true\">\n\t\t\t\t\t\t\t\t\t\t\t\t<svg xmlns=\"http:\/\/www.w3.org\/2000\/svg\" height=\"1em\" viewBox=\"0 0 320 512\">\n\t\t\t\t<path d=\"M34.52 239.03L228.87 44.69c9.37-9.37 24.57-9.37 33.94 0l22.67 22.67c9.36 9.36 9.37 24.52.04 33.9L131.49 256l154.02 154.75c9.34 9.38 9.32 24.54-.04 33.9l-22.67 22.67c-9.37 9.37-24.57 9.37-33.94 0L34.52 272.97c-9.37-9.37-9.37-24.57 0-33.94z\"\/>\n\t\t\t\t<\/svg>\t\t\t\t\t<\/div>\n\t\t\t\t\t<!-- Swiper Previous Button -->\n\t\t\t\t\t<div class=\"ctl-button-next\" tabindex=\"0\" role=\"button\" aria-label=\"Next slide\" aria-disabled=\"false\">\n\t\t\t\t\t\t\t\t\t\t\t\t<svg xmlns=\"http:\/\/www.w3.org\/2000\/svg\" height=\"1em\" viewBox=\"0 0 320 512\">\n\t\t\t\t<path d=\"M285.476 272.971L91.132 467.314c-9.373 9.373-24.569 9.373-33.941 0l-22.667-22.667c-9.357-9.357-9.375-24.522-.04-33.901L188.505 256 34.484 101.255c-9.335-9.379-9.317-24.544.04-33.901l22.667-22.667c9.373-9.373 24.569-9.373 33.941 0L285.475 239.03c9.373 9.372 9.373 24.568.001 33.941z\"\/>\n\t\t\t\t<\/svg>\t\t\t\t\t<\/div>\n\t\t\t\t\t<!-- Swiper Horizontal line -->\n\t\t\t\t\t<div class=\"ctl-h-line\"><\/div>\n\t\t\t\t<\/div>\n\t\t\t<\/div>\n\t\t\t\n\n\n<div style=\"height:100px\" aria-hidden=\"true\" class=\"wp-block-spacer\"><\/div>\n","protected":false},"excerpt":{"rendered":"","protected":false},"author":1,"featured_media":0,"parent":0,"menu_order":0,"comment_status":"closed","ping_status":"closed","template":"","meta":{"footnotes":""},"class_list":["post-278","page","type-page","status-publish","hentry"],"_links":{"self":[{"href":"https:\/\/rac.net.co\/nuevositio\/wp-json\/wp\/v2\/pages\/278","targetHints":{"allow":["GET"]}}],"collection":[{"href":"https:\/\/rac.net.co\/nuevositio\/wp-json\/wp\/v2\/pages"}],"about":[{"href":"https:\/\/rac.net.co\/nuevositio\/wp-json\/wp\/v2\/types\/page"}],"author":[{"embeddable":true,"href":"https:\/\/rac.net.co\/nuevositio\/wp-json\/wp\/v2\/users\/1"}],"replies":[{"embeddable":true,"href":"https:\/\/rac.net.co\/nuevositio\/wp-json\/wp\/v2\/comments?post=278"}],"version-history":[{"count":20,"href":"https:\/\/rac.net.co\/nuevositio\/wp-json\/wp\/v2\/pages\/278\/revisions"}],"predecessor-version":[{"id":416,"href":"https:\/\/rac.net.co\/nuevositio\/wp-json\/wp\/v2\/pages\/278\/revisions\/416"}],"wp:attachment":[{"href":"https:\/\/rac.net.co\/nuevositio\/wp-json\/wp\/v2\/media?parent=278"}],"curies":[{"name":"wp","href":"https:\/\/api.w.org\/{rel}","templated":true}]}}