{"id":577,"date":"2026-01-25T19:00:09","date_gmt":"2026-01-26T00:00:09","guid":{"rendered":"https:\/\/rac.net.co\/nuevositio\/?page_id=577"},"modified":"2026-04-10T16:49:11","modified_gmt":"2026-04-10T21:49:11","slug":"informes-de-gestion-rac","status":"publish","type":"page","link":"https:\/\/rac.net.co\/nuevositio\/informes-de-gestion-rac\/","title":{"rendered":"Informes de Gesti\u00f3n RAC"},"content":{"rendered":"\n<div style=\"height:100px\" aria-hidden=\"true\" class=\"wp-block-spacer\"><\/div>\n\n\n<h2 class=\"wp-block-post-title has-large-font-size has-base-font-family\">Informes de Gesti\u00f3n RAC<\/h2>\n\n\n<div style=\"height:40px\" aria-hidden=\"true\" class=\"wp-block-spacer\"><\/div>\n\n\n\n<div class=\"wp-block-columns is-layout-flex wp-container-core-columns-is-layout-28f84493 wp-block-columns-is-layout-flex\">\n<div class=\"wp-block-column is-layout-flow wp-block-column-is-layout-flow\">\n<figure class=\"wp-block-image size-large\"><img loading=\"lazy\" decoding=\"async\" width=\"683\" height=\"1024\" src=\"https:\/\/rac.net.co\/nuevositio\/wp-content\/uploads\/2026\/01\/informes_gestion-683x1024.jpg\" alt=\"\" class=\"wp-image-580\" srcset=\"https:\/\/rac.net.co\/nuevositio\/wp-content\/uploads\/2026\/01\/informes_gestion-683x1024.jpg 683w, https:\/\/rac.net.co\/nuevositio\/wp-content\/uploads\/2026\/01\/informes_gestion-200x300.jpg 200w, https:\/\/rac.net.co\/nuevositio\/wp-content\/uploads\/2026\/01\/informes_gestion-768x1152.jpg 768w, https:\/\/rac.net.co\/nuevositio\/wp-content\/uploads\/2026\/01\/informes_gestion-1024x1536.jpg 1024w, https:\/\/rac.net.co\/nuevositio\/wp-content\/uploads\/2026\/01\/informes_gestion-1365x2048.jpg 1365w, https:\/\/rac.net.co\/nuevositio\/wp-content\/uploads\/2026\/01\/informes_gestion-scaled.jpg 1707w\" sizes=\"auto, (max-width: 683px) 100vw, 683px\" \/><\/figure>\n<\/div>\n\n\n\n<div class=\"wp-block-column is-layout-flow wp-block-column-is-layout-flow\">\n<p class=\"has-base-font-family has-medium-font-size\">En esta secci\u00f3n, ponemos a disposici\u00f3n de nuestra comunidad y del p\u00fablico en general los Informes de Gesti\u00f3n Anual. <\/p>\n\n\n\n<p class=\"has-base-font-family has-medium-font-size\">Estos documentos detallan las actividades, logros y el manejo de recursos de la Red de Astronom\u00eda de Colombia, reafirmando nuestro compromiso con la divulgaci\u00f3n cient\u00edfica y la transparencia organizacional.<\/p>\n\n\n\n<ul class=\"wp-block-list\">\n<li class=\"has-medium-font-size\"><a href=\"https:\/\/rac.net.co\/nuevositio\/wp-content\/uploads\/2026\/03\/Informe-gestion-2025.pdf\" target=\"_blank\" rel=\"noreferrer noopener\">Informe de gesti\u00f3n 2025<\/a><\/li>\n\n\n\n<li class=\"has-medium-font-size\"><a href=\"https:\/\/rac.net.co\/wp-content\/uploads\/2025\/03\/Informe-de-gestion.pdf\" target=\"_blank\" rel=\"noreferrer noopener\">Informe de gesti\u00f3n 2024<\/a><\/li>\n\n\n\n<li class=\"has-medium-font-size\"><a href=\"https:\/\/rac.net.co\/wp-content\/uploads\/2024\/05\/Informe-de-gestion.pdf\" target=\"_blank\" rel=\"noreferrer noopener\">Informe de gesti\u00f3n 2023<\/a><\/li>\n<\/ul>\n<\/div>\n<\/div>\n\n\n\n<div style=\"height:100px\" aria-hidden=\"true\" class=\"wp-block-spacer\"><\/div>\n","protected":false},"excerpt":{"rendered":"<p>En esta secci\u00f3n, ponemos a disposici\u00f3n de nuestra comunidad y del p\u00fablico en general los Informes de Gesti\u00f3n Anual. Estos documentos detallan las actividades, logros y el manejo de recursos de la Red de Astronom\u00eda de Colombia, reafirmando nuestro compromiso con la divulgaci\u00f3n cient\u00edfica y la transparencia organizacional.<\/p>\n","protected":false},"author":1,"featured_media":0,"parent":0,"menu_order":0,"comment_status":"closed","ping_status":"closed","template":"","meta":{"footnotes":""},"class_list":["post-577","page","type-page","status-publish","hentry"],"_links":{"self":[{"href":"https:\/\/rac.net.co\/nuevositio\/wp-json\/wp\/v2\/pages\/577","targetHints":{"allow":["GET"]}}],"collection":[{"href":"https:\/\/rac.net.co\/nuevositio\/wp-json\/wp\/v2\/pages"}],"about":[{"href":"https:\/\/rac.net.co\/nuevositio\/wp-json\/wp\/v2\/types\/page"}],"author":[{"embeddable":true,"href":"https:\/\/rac.net.co\/nuevositio\/wp-json\/wp\/v2\/users\/1"}],"replies":[{"embeddable":true,"href":"https:\/\/rac.net.co\/nuevositio\/wp-json\/wp\/v2\/comments?post=577"}],"version-history":[{"count":9,"href":"https:\/\/rac.net.co\/nuevositio\/wp-json\/wp\/v2\/pages\/577\/revisions"}],"predecessor-version":[{"id":824,"href":"https:\/\/rac.net.co\/nuevositio\/wp-json\/wp\/v2\/pages\/577\/revisions\/824"}],"wp:attachment":[{"href":"https:\/\/rac.net.co\/nuevositio\/wp-json\/wp\/v2\/media?parent=577"}],"curies":[{"name":"wp","href":"https:\/\/api.w.org\/{rel}","templated":true}]}}