{"id":578,"date":"2026-01-25T21:08:22","date_gmt":"2026-01-26T02:08:22","guid":{"rendered":"https:\/\/rac.net.co\/nuevositio\/?page_id=578"},"modified":"2026-01-25T21:08:56","modified_gmt":"2026-01-26T02:08:56","slug":"otras-publicaciones","status":"publish","type":"page","link":"https:\/\/rac.net.co\/nuevositio\/otras-publicaciones\/","title":{"rendered":"Otras Publicaciones"},"content":{"rendered":"\n<div style=\"height:100px\" aria-hidden=\"true\" class=\"wp-block-spacer\"><\/div>\n\n\n<h2 class=\"wp-block-post-title\">Otras Publicaciones<\/h2>\n\n\n<div style=\"height:40px\" aria-hidden=\"true\" class=\"wp-block-spacer\"><\/div>\n\n\n\n<div class=\"wp-block-columns is-layout-flex wp-container-core-columns-is-layout-28f84493 wp-block-columns-is-layout-flex\">\n<div class=\"wp-block-column has-medium-font-size is-layout-flow wp-block-column-is-layout-flow\">\n<figure class=\"wp-block-image size-large\"><img loading=\"lazy\" decoding=\"async\" width=\"1024\" height=\"683\" src=\"https:\/\/rac.net.co\/nuevositio\/wp-content\/uploads\/2026\/01\/otras_publicaciones2-1-1024x683.jpg\" alt=\"\" class=\"wp-image-589\" srcset=\"https:\/\/rac.net.co\/nuevositio\/wp-content\/uploads\/2026\/01\/otras_publicaciones2-1-1024x683.jpg 1024w, https:\/\/rac.net.co\/nuevositio\/wp-content\/uploads\/2026\/01\/otras_publicaciones2-1-300x200.jpg 300w, https:\/\/rac.net.co\/nuevositio\/wp-content\/uploads\/2026\/01\/otras_publicaciones2-1-768x512.jpg 768w, https:\/\/rac.net.co\/nuevositio\/wp-content\/uploads\/2026\/01\/otras_publicaciones2-1-1536x1024.jpg 1536w, https:\/\/rac.net.co\/nuevositio\/wp-content\/uploads\/2026\/01\/otras_publicaciones2-1-2048x1365.jpg 2048w\" sizes=\"auto, (max-width: 1024px) 100vw, 1024px\" \/><\/figure>\n<\/div>\n\n\n\n<div class=\"wp-block-column has-medium-font-size is-layout-flow wp-block-column-is-layout-flow\">\n<p class=\"has-medium-font-size\">Adem\u00e1s de la Circular, la RAC comparte publicaciones de valor para la astronom\u00eda en el pa\u00eds.  Desde gu\u00edas de observaci\u00f3n hasta art\u00edculos de investigaci\u00f3n, consulta aqu\u00ed material adicional que fortalece nuestra cultura cient\u00edfica.<\/p>\n\n\n\n<ul class=\"wp-block-list\">\n<li><a href=\"https:\/\/rac.net.co\/wp-content\/uploads\/2024\/12\/Libro-RAC_FINAL-DICIEMBRE-2024.pdf\" target=\"_blank\" rel=\"noreferrer noopener\">Planetarios en Colombia<\/a><\/li>\n<\/ul>\n<\/div>\n<\/div>\n\n\n\n<div style=\"height:100px\" aria-hidden=\"true\" class=\"wp-block-spacer\"><\/div>\n","protected":false},"excerpt":{"rendered":"<p>Adem\u00e1s de la Circular, la RAC comparte publicaciones de valor para la astronom\u00eda en el pa\u00eds. Desde gu\u00edas de observaci\u00f3n hasta art\u00edculos de investigaci\u00f3n, consulta aqu\u00ed material adicional que fortalece nuestra cultura cient\u00edfica.<\/p>\n","protected":false},"author":1,"featured_media":0,"parent":0,"menu_order":0,"comment_status":"closed","ping_status":"closed","template":"","meta":{"footnotes":""},"class_list":["post-578","page","type-page","status-publish","hentry"],"_links":{"self":[{"href":"https:\/\/rac.net.co\/nuevositio\/wp-json\/wp\/v2\/pages\/578","targetHints":{"allow":["GET"]}}],"collection":[{"href":"https:\/\/rac.net.co\/nuevositio\/wp-json\/wp\/v2\/pages"}],"about":[{"href":"https:\/\/rac.net.co\/nuevositio\/wp-json\/wp\/v2\/types\/page"}],"author":[{"embeddable":true,"href":"https:\/\/rac.net.co\/nuevositio\/wp-json\/wp\/v2\/users\/1"}],"replies":[{"embeddable":true,"href":"https:\/\/rac.net.co\/nuevositio\/wp-json\/wp\/v2\/comments?post=578"}],"version-history":[{"count":6,"href":"https:\/\/rac.net.co\/nuevositio\/wp-json\/wp\/v2\/pages\/578\/revisions"}],"predecessor-version":[{"id":594,"href":"https:\/\/rac.net.co\/nuevositio\/wp-json\/wp\/v2\/pages\/578\/revisions\/594"}],"wp:attachment":[{"href":"https:\/\/rac.net.co\/nuevositio\/wp-json\/wp\/v2\/media?parent=578"}],"curies":[{"name":"wp","href":"https:\/\/api.w.org\/{rel}","templated":true}]}}