{"id":602,"date":"2026-01-25T21:43:03","date_gmt":"2026-01-26T02:43:03","guid":{"rendered":"https:\/\/rac.net.co\/nuevositio\/?page_id=602"},"modified":"2026-01-25T21:45:09","modified_gmt":"2026-01-26T02:45:09","slug":"podcast","status":"publish","type":"page","link":"https:\/\/rac.net.co\/nuevositio\/podcast\/","title":{"rendered":"Podcast"},"content":{"rendered":"\n<p><\/p>\n\n\n\n<div style=\"height:100px\" aria-hidden=\"true\" class=\"wp-block-spacer\"><\/div>\n\n\n<h2 class=\"wp-block-post-title\">Podcast<\/h2>\n\n\n<div style=\"height:40px\" aria-hidden=\"true\" class=\"wp-block-spacer\"><\/div>\n\n\n\n<div class=\"wp-block-columns is-layout-flex wp-container-core-columns-is-layout-28f84493 wp-block-columns-is-layout-flex\">\n<div class=\"wp-block-column is-layout-flow wp-block-column-is-layout-flow\">\n<figure class=\"wp-block-image size-large\"><img loading=\"lazy\" decoding=\"async\" width=\"683\" height=\"1024\" src=\"https:\/\/rac.net.co\/nuevositio\/wp-content\/uploads\/2026\/01\/podcast-683x1024.jpg\" alt=\"\" class=\"wp-image-603\" srcset=\"https:\/\/rac.net.co\/nuevositio\/wp-content\/uploads\/2026\/01\/podcast-683x1024.jpg 683w, https:\/\/rac.net.co\/nuevositio\/wp-content\/uploads\/2026\/01\/podcast-200x300.jpg 200w, https:\/\/rac.net.co\/nuevositio\/wp-content\/uploads\/2026\/01\/podcast-768x1152.jpg 768w, https:\/\/rac.net.co\/nuevositio\/wp-content\/uploads\/2026\/01\/podcast-1024x1536.jpg 1024w, https:\/\/rac.net.co\/nuevositio\/wp-content\/uploads\/2026\/01\/podcast-1365x2048.jpg 1365w, https:\/\/rac.net.co\/nuevositio\/wp-content\/uploads\/2026\/01\/podcast-scaled.jpg 1707w\" sizes=\"auto, (max-width: 683px) 100vw, 683px\" \/><\/figure>\n<\/div>\n\n\n\n<div class=\"wp-block-column is-layout-flow wp-block-column-is-layout-flow\">\n<p><\/p>\n\n\n\n<p class=\"has-base-font-family has-medium-font-size\">En el Podcast de la Red de Astronom\u00eda de Colombia, exploramos los misterios del cosmos a trav\u00e9s de conversaciones con expertos, aficionados y protagonistas de la ciencia en nuestro pa\u00eds.<\/p>\n\n\n\n<p class=\"has-base-font-family has-medium-font-size\">Queremos que la astronom\u00eda te acompa\u00f1e a donde vayas. Por eso, hemos centralizado todos nuestros episodios en Spotify, permiti\u00e9ndote escuchar nuestras historias, entrevistas y noticias de actualidad astron\u00f3mica de forma gratuita y desde cualquier dispositivo.<\/p>\n\n\n\n<p class=\"has-medium-font-size\"><strong>\u00a1Suscr\u00edbete y no te pierdas ning\u00fan podcast<\/strong><\/p>\n\n\n\n<div style=\"height:40px\" aria-hidden=\"true\" class=\"wp-block-spacer\"><\/div>\n\n\n\n<div class=\"wp-block-buttons is-layout-flex wp-block-buttons-is-layout-flex\">\n<div class=\"wp-block-button is-style-fill\"><a class=\"wp-block-button__link has-background has-medium-font-size has-custom-font-size wp-element-button\" href=\"https:\/\/open.spotify.com\/show\/2HtUI6l1Unpun71UsgsGBy\" style=\"background-color:#4caf50\" target=\"_blank\" rel=\"noreferrer noopener\">Esc\u00fachanos en Spotify<\/a><\/div>\n<\/div>\n<\/div>\n<\/div>\n\n\n\n<div style=\"height:100px\" aria-hidden=\"true\" class=\"wp-block-spacer\"><\/div>\n","protected":false},"excerpt":{"rendered":"<p>En el Podcast de la Red de Astronom\u00eda de Colombia, exploramos los misterios del cosmos a trav\u00e9s de conversaciones con expertos, aficionados y protagonistas de la ciencia en nuestro pa\u00eds. Queremos que la astronom\u00eda te acompa\u00f1e a donde vayas. Por eso, hemos centralizado todos nuestros episodios en Spotify, permiti\u00e9ndote escuchar nuestras historias, entrevistas y noticias [&hellip;]<\/p>\n","protected":false},"author":1,"featured_media":0,"parent":0,"menu_order":0,"comment_status":"closed","ping_status":"closed","template":"","meta":{"footnotes":""},"class_list":["post-602","page","type-page","status-publish","hentry"],"_links":{"self":[{"href":"https:\/\/rac.net.co\/nuevositio\/wp-json\/wp\/v2\/pages\/602","targetHints":{"allow":["GET"]}}],"collection":[{"href":"https:\/\/rac.net.co\/nuevositio\/wp-json\/wp\/v2\/pages"}],"about":[{"href":"https:\/\/rac.net.co\/nuevositio\/wp-json\/wp\/v2\/types\/page"}],"author":[{"embeddable":true,"href":"https:\/\/rac.net.co\/nuevositio\/wp-json\/wp\/v2\/users\/1"}],"replies":[{"embeddable":true,"href":"https:\/\/rac.net.co\/nuevositio\/wp-json\/wp\/v2\/comments?post=602"}],"version-history":[{"count":3,"href":"https:\/\/rac.net.co\/nuevositio\/wp-json\/wp\/v2\/pages\/602\/revisions"}],"predecessor-version":[{"id":607,"href":"https:\/\/rac.net.co\/nuevositio\/wp-json\/wp\/v2\/pages\/602\/revisions\/607"}],"wp:attachment":[{"href":"https:\/\/rac.net.co\/nuevositio\/wp-json\/wp\/v2\/media?parent=602"}],"curies":[{"name":"wp","href":"https:\/\/api.w.org\/{rel}","templated":true}]}}