{"id":744,"date":"2026-03-09T22:52:28","date_gmt":"2026-03-10T03:52:28","guid":{"rendered":"https:\/\/rac.net.co\/nuevositio\/?page_id=744"},"modified":"2026-03-09T22:52:28","modified_gmt":"2026-03-10T03:52:28","slug":"aula-bajo-las-estrellas-2024","status":"publish","type":"page","link":"https:\/\/rac.net.co\/nuevositio\/aula-bajo-las-estrellas-2024\/","title":{"rendered":"Aula bajo las estrellas 2024"},"content":{"rendered":"\n<p><\/p>\n\n\n\n<div style=\"height:60px\" aria-hidden=\"true\" class=\"wp-block-spacer\"><\/div>\n\n\n\n<div class=\"wp-block-cover alignfull is-light\" style=\"min-height:225px;aspect-ratio:unset;\"><span aria-hidden=\"true\" class=\"wp-block-cover__background has-accent-background-color has-background-dim-100 has-background-dim\"><\/span><div class=\"wp-block-cover__inner-container has-global-padding is-layout-constrained wp-block-cover-is-layout-constrained\">\n<p class=\"has-text-align-center has-large-font-size\">Aula bajo las estrellas 2024<\/p>\n\n\n\n<p class=\"has-text-align-center has-medium-font-size\">30 y 31 de agosto<\/p>\n<\/div><\/div>\n\n\n\n<div style=\"height:60px\" aria-hidden=\"true\" class=\"wp-block-spacer\"><\/div>\n\n\n\n<div class=\"wp-block-media-text alignwide is-stacked-on-mobile\"><figure class=\"wp-block-media-text__media\"><img loading=\"lazy\" decoding=\"async\" width=\"1024\" height=\"1024\" src=\"https:\/\/rac.net.co\/nuevositio\/wp-content\/uploads\/2026\/03\/aula-bajo-las-estrellas-2024.webp\" alt=\"\" class=\"wp-image-745 size-full\" srcset=\"https:\/\/rac.net.co\/nuevositio\/wp-content\/uploads\/2026\/03\/aula-bajo-las-estrellas-2024.webp 1024w, https:\/\/rac.net.co\/nuevositio\/wp-content\/uploads\/2026\/03\/aula-bajo-las-estrellas-2024-300x300.webp 300w, https:\/\/rac.net.co\/nuevositio\/wp-content\/uploads\/2026\/03\/aula-bajo-las-estrellas-2024-150x150.webp 150w, https:\/\/rac.net.co\/nuevositio\/wp-content\/uploads\/2026\/03\/aula-bajo-las-estrellas-2024-768x768.webp 768w\" sizes=\"auto, (max-width: 1024px) 100vw, 1024px\" \/><\/figure><div class=\"wp-block-media-text__content\">\n<p class=\"has-large-font-size\"><strong>Aula bajo las estrellas 2024: Tecnolog\u00eda y Astronom\u00eda en el Aula<\/strong><\/p>\n\n\n\n<p class=\"has-small-font-size\">\u00bfC\u00f3mo transformar la ense\u00f1anza a trav\u00e9s de la era digital y la fascinaci\u00f3n por el cosmos? En esta edici\u00f3n, exploramos c\u00f3mo las herramientas tecnol\u00f3gicas \u2014desde la realidad aumentada hasta los planetarios escolares\u2014 est\u00e1n abriendo nuevas puertas en el aprendizaje de la astronom\u00eda.<\/p>\n\n\n\n<p class=\"has-small-font-size\">Entendemos que la clave no est\u00e1 solo en los dispositivos, sino en la <strong>capacitaci\u00f3n constante y creativa de los docentes<\/strong>. Por eso, nos reunimos para compartir experiencias inspiradoras, como la implementaci\u00f3n de aulas especializadas, que motivan a los estudiantes a explorar el universo de manera profunda y significativa, convirtiendo la tecnolog\u00eda en el puente perfecto hacia el conocimiento cient\u00edfico.<\/p>\n\n\n\n<p class=\"has-small-font-size\"><strong>\u00a1S\u00famate a la vanguardia educativa y descubramos juntos c\u00f3mo potenciar el talento de nuestros estudiantes bajo un cielo digital!<\/strong><\/p>\n\n\n\n<p><\/p>\n\n\n\n<p><strong>Modalidad: <\/strong>presencial con cupos limitados y virtual (con excepciones)<\/p>\n\n\n\n<p><strong>Lugar: <\/strong>Medell\u00edn, Colombia<\/p>\n\n\n\n<p>Viernes 30 de agosto \u2013 Instituto Tecnol\u00f3gico Metropolitano, ITM<\/p>\n\n\n\n<p>S\u00e1bado 31 de agosto \u2013 Planetarium del Colegio la Ense\u00f1anza<\/p>\n<\/div><\/div>\n\n\n\n<div style=\"height:60px\" aria-hidden=\"true\" class=\"wp-block-spacer\"><\/div>\n\n\n\n<hr class=\"wp-block-separator has-alpha-channel-opacity\"\/>\n\n\n\n<p class=\"has-text-align-center has-large-font-size\"><strong>INTRODUCCI\u00d3N<\/strong><\/p>\n\n\n\n<p>La integraci\u00f3n de la tecnolog\u00eda en la educaci\u00f3n ha transformado la forma en que los estudiantes aprenden y los profesores ense\u00f1an. En la era digital, cada vez m\u00e1s aulas est\u00e1n equipadas con dispositivos tecnol\u00f3gicos que ofrecen un vasto abanico de recursos educativos, desde aplicaciones interactivas hasta plataformas de aprendizaje en l\u00ednea. Sin embargo, la efectividad de esta tecnolog\u00eda depende en gran medida de la capacitaci\u00f3n y actualizaci\u00f3n constante de los profesores. Es fundamental que los educadores se mantengan al tanto de las \u00faltimas tendencias y herramientas tecnol\u00f3gicas para aprovechar al m\u00e1ximo su potencial en el aula.<\/p>\n\n\n\n<p>La astronom\u00eda, con su fascinante intersecci\u00f3n entre la ciencia y la tecnolog\u00eda, ofrece un campo f\u00e9rtil para la integraci\u00f3n de herramientas digitales en la ense\u00f1anza. Los avances en la tecnolog\u00eda han permitido el desarrollo de simulaciones, aplicaciones y herramientas en l\u00ednea que hacen que el estudio del cosmos sea m\u00e1s accesible y cautivador para los estudiantes. Desde aplicaciones de realidad aumentada que permiten explorar el universo desde la comodidad del aula hasta plataformas de aprendizaje en l\u00ednea que ofrecen cursos interactivos, la tecnolog\u00eda puede abrir nuevas puertas en la ense\u00f1anza de la astronom\u00eda.<\/p>\n\n\n\n<p>Sin embargo, para que esta integraci\u00f3n sea efectiva, es crucial que los profesores adquieran las habilidades necesarias para utilizar estas herramientas de manera significativa en el aula. La formaci\u00f3n continua en tecnolog\u00eda educativa es esencial para garantizar que los educadores puedan aprovechar al m\u00e1ximo el potencial de la tecnolog\u00eda en la ense\u00f1anza de la astronom\u00eda. Esto no solo implica aprender a utilizar nuevas herramientas, sino tambi\u00e9n comprender c\u00f3mo integrarlas de manera efectiva en el plan de estudios y adaptarlas a las necesidades y estilos de aprendizaje de los estudiantes.<\/p>\n\n\n\n<p>De ah\u00ed que la uni\u00f3n entre astronom\u00eda y escuela sigue siendo un \u00e9xito para los procesos de ense\u00f1anza y aprendizaje en los colegios. Un ejemplo muy positivo es la instalaci\u00f3n de un planetario en un Colegio, por ejemplo en Medell\u00edn en el Colegio la Ense\u00f1anza. Este ejemplo puede inspirar a m\u00e1s instituciones educativas a so\u00f1ar con aulas especializadas, con temas diversos en las escuelas que fortalezcan el aprendizaje del plan curricular y sobre todo a motivar a los profesores a crear contenidos en sus \u00e1reas del conocimiento, haciendo uso de lo que m\u00e1s fascina a sus estudiantes como las nuevas tecnolog\u00edas, los nuevos formatos comunicativos, la variedad de temas&nbsp; y, por qu\u00e9 no, la astronom\u00eda puede abrir nuevos caminos profesionales para los estudiantes.&nbsp;<\/p>\n\n\n\n<p>En resumen, la tecnolog\u00eda ofrece enormes oportunidades para enriquecer la ense\u00f1anza y el aprendizaje. Sin embargo, para aprovechar al m\u00e1ximo este potencial, es esencial que los profesores se comprometan con la actualizaci\u00f3n continua y la integraci\u00f3n creativa de la tecnolog\u00eda en su pr\u00e1ctica docente. Esto no solo mejorar\u00e1 la experiencia educativa de los estudiantes, sino que tambi\u00e9n les permitir\u00e1 explorar el cosmos de manera m\u00e1s profunda y significativa.<\/p>\n\n\n\n<div style=\"height:60px\" aria-hidden=\"true\" class=\"wp-block-spacer\"><\/div>\n\n\n\n<hr class=\"wp-block-separator has-alpha-channel-opacity\"\/>\n\n\n\n<p class=\"has-text-align-center has-large-font-size\"><strong>PROGRAMACI\u00d3N<\/strong><\/p>\n\n\n\n<div class=\"wp-block-columns alignwide is-layout-flex wp-container-core-columns-is-layout-28f84493 wp-block-columns-is-layout-flex\">\n<div class=\"wp-block-column is-layout-flow wp-block-column-is-layout-flow\">\n<figure class=\"wp-block-image size-large\"><img loading=\"lazy\" decoding=\"async\" width=\"819\" height=\"1024\" src=\"https:\/\/rac.net.co\/nuevositio\/wp-content\/uploads\/2026\/03\/aula-2024-programa1-819x1024.webp\" alt=\"\" class=\"wp-image-747\" srcset=\"https:\/\/rac.net.co\/nuevositio\/wp-content\/uploads\/2026\/03\/aula-2024-programa1-819x1024.webp 819w, https:\/\/rac.net.co\/nuevositio\/wp-content\/uploads\/2026\/03\/aula-2024-programa1-240x300.webp 240w, https:\/\/rac.net.co\/nuevositio\/wp-content\/uploads\/2026\/03\/aula-2024-programa1-768x960.webp 768w, https:\/\/rac.net.co\/nuevositio\/wp-content\/uploads\/2026\/03\/aula-2024-programa1-1229x1536.webp 1229w, https:\/\/rac.net.co\/nuevositio\/wp-content\/uploads\/2026\/03\/aula-2024-programa1-1638x2048.webp 1638w, https:\/\/rac.net.co\/nuevositio\/wp-content\/uploads\/2026\/03\/aula-2024-programa1.webp 2048w\" sizes=\"auto, (max-width: 819px) 100vw, 819px\" \/><\/figure>\n<\/div>\n\n\n\n<div class=\"wp-block-column is-layout-flow wp-block-column-is-layout-flow\">\n<figure class=\"wp-block-image size-large\"><img loading=\"lazy\" decoding=\"async\" width=\"819\" height=\"1024\" src=\"https:\/\/rac.net.co\/nuevositio\/wp-content\/uploads\/2026\/03\/aula-2024-programa2-819x1024.webp\" alt=\"\" class=\"wp-image-748\" srcset=\"https:\/\/rac.net.co\/nuevositio\/wp-content\/uploads\/2026\/03\/aula-2024-programa2-819x1024.webp 819w, https:\/\/rac.net.co\/nuevositio\/wp-content\/uploads\/2026\/03\/aula-2024-programa2-240x300.webp 240w, https:\/\/rac.net.co\/nuevositio\/wp-content\/uploads\/2026\/03\/aula-2024-programa2-768x960.webp 768w, https:\/\/rac.net.co\/nuevositio\/wp-content\/uploads\/2026\/03\/aula-2024-programa2-1229x1536.webp 1229w, https:\/\/rac.net.co\/nuevositio\/wp-content\/uploads\/2026\/03\/aula-2024-programa2-1638x2048.webp 1638w, https:\/\/rac.net.co\/nuevositio\/wp-content\/uploads\/2026\/03\/aula-2024-programa2.webp 2048w\" sizes=\"auto, (max-width: 819px) 100vw, 819px\" \/><\/figure>\n<\/div>\n\n\n\n<div class=\"wp-block-column is-layout-flow wp-block-column-is-layout-flow\">\n<figure class=\"wp-block-image size-full\"><img loading=\"lazy\" decoding=\"async\" width=\"768\" height=\"960\" src=\"https:\/\/rac.net.co\/nuevositio\/wp-content\/uploads\/2026\/03\/aula-2024-programa3.webp\" alt=\"\" class=\"wp-image-749\" srcset=\"https:\/\/rac.net.co\/nuevositio\/wp-content\/uploads\/2026\/03\/aula-2024-programa3.webp 768w, https:\/\/rac.net.co\/nuevositio\/wp-content\/uploads\/2026\/03\/aula-2024-programa3-240x300.webp 240w\" sizes=\"auto, (max-width: 768px) 100vw, 768px\" \/><\/figure>\n<\/div>\n<\/div>\n\n\n\n<div style=\"height:60px\" aria-hidden=\"true\" class=\"wp-block-spacer\"><\/div>\n\n\n\n<hr class=\"wp-block-separator has-alpha-channel-opacity\"\/>\n\n\n\n<div class=\"wp-block-columns is-layout-flex wp-container-core-columns-is-layout-28f84493 wp-block-columns-is-layout-flex\">\n<div class=\"wp-block-column is-layout-flow wp-block-column-is-layout-flow\">\n<p class=\"has-text-align-center has-medium-font-size\"><strong>Organizan<\/strong><\/p>\n\n\n\n<p>nstituto Tecnol\u00f3gico Metropolitano \u2013 Observatorio Astron\u00f3mico<\/p>\n\n\n\n<p>Red de Astronom\u00eda de Colombia (RAC)<\/p>\n\n\n\n<p>Colegio la Ense\u00f1anza \u2013 Planetarium la Ense\u00f1anza<\/p>\n\n\n\n<p>Universidad de la Frontera \u2013 Temuco \u2013 Chile<\/p>\n<\/div>\n\n\n\n<div class=\"wp-block-column is-layout-flow wp-block-column-is-layout-flow\">\n<p class=\"has-text-align-center has-medium-font-size\"><strong>Apoyan<\/strong><\/p>\n\n\n\n<p>Oficina para la Educaci\u00f3n de la Astronom\u00eda \u2013 Uni\u00f3n Astron\u00f3mica Internacional (OAE \u2013 IAU)<\/p>\n\n\n\n<p>Oficina para la Divulgaci\u00f3n de la Astronom\u00eda \u2013 Uni\u00f3n Astron\u00f3mica Internacional (OAO \u2013 Colombia)<\/p>\n<\/div>\n<\/div>\n\n\n\n<div style=\"height:60px\" aria-hidden=\"true\" class=\"wp-block-spacer\"><\/div>\n","protected":false},"excerpt":{"rendered":"<p>Aula bajo las estrellas 2024: Tecnolog\u00eda y Astronom\u00eda en el Aula \u00bfC\u00f3mo transformar la ense\u00f1anza a trav\u00e9s de la era digital y la fascinaci\u00f3n por el cosmos? En esta edici\u00f3n, exploramos c\u00f3mo las herramientas tecnol\u00f3gicas \u2014desde la realidad aumentada hasta los planetarios escolares\u2014 est\u00e1n abriendo nuevas puertas en el aprendizaje de la astronom\u00eda. Entendemos que [&hellip;]<\/p>\n","protected":false},"author":1,"featured_media":0,"parent":0,"menu_order":0,"comment_status":"closed","ping_status":"closed","template":"","meta":{"footnotes":""},"class_list":["post-744","page","type-page","status-publish","hentry"],"_links":{"self":[{"href":"https:\/\/rac.net.co\/nuevositio\/wp-json\/wp\/v2\/pages\/744","targetHints":{"allow":["GET"]}}],"collection":[{"href":"https:\/\/rac.net.co\/nuevositio\/wp-json\/wp\/v2\/pages"}],"about":[{"href":"https:\/\/rac.net.co\/nuevositio\/wp-json\/wp\/v2\/types\/page"}],"author":[{"embeddable":true,"href":"https:\/\/rac.net.co\/nuevositio\/wp-json\/wp\/v2\/users\/1"}],"replies":[{"embeddable":true,"href":"https:\/\/rac.net.co\/nuevositio\/wp-json\/wp\/v2\/comments?post=744"}],"version-history":[{"count":3,"href":"https:\/\/rac.net.co\/nuevositio\/wp-json\/wp\/v2\/pages\/744\/revisions"}],"predecessor-version":[{"id":751,"href":"https:\/\/rac.net.co\/nuevositio\/wp-json\/wp\/v2\/pages\/744\/revisions\/751"}],"wp:attachment":[{"href":"https:\/\/rac.net.co\/nuevositio\/wp-json\/wp\/v2\/media?parent=744"}],"curies":[{"name":"wp","href":"https:\/\/api.w.org\/{rel}","templated":true}]}}